{"id":588,"date":"2021-11-30T16:05:13","date_gmt":"2021-11-30T15:05:13","guid":{"rendered":"http:\/\/hezi2de.com\/hezibide\/"},"modified":"2021-12-03T13:47:42","modified_gmt":"2021-12-03T12:47:42","slug":"hezibide","status":"publish","type":"page","link":"http:\/\/hezi2de.com\/es\/","title":{"rendered":"hezibide"},"content":{"rendered":"","protected":false},"excerpt":{"rendered":"","protected":false},"author":2,"featured_media":0,"parent":0,"menu_order":0,"comment_status":"closed","ping_status":"closed","template":"","meta":{"footnotes":""},"yoast_head":"<!-- This site is optimized with the Yoast SEO plugin v19.10 - https:\/\/yoast.com\/wordpress\/plugins\/seo\/ -->\n<title>hezibide - consultor\u00eda de igualdad y coeducaci\u00f3n<\/title>\n<meta name=\"description\" content=\"hezibide, consultor\u00eda de igualdad y coeducaci\u00f3n. Ofrecemos un acercamiento y profundizaci\u00f3n en la igualdad, tanto a nivel colectivo como individual.\" \/>\n<meta name=\"robots\" content=\"index, follow, max-snippet:-1, max-image-preview:large, max-video-preview:-1\" \/>\n<link rel=\"canonical\" href=\"http:\/\/hezi2de.com\/es\/\" \/>\n<meta property=\"og:locale\" content=\"es_ES\" \/>\n<meta property=\"og:type\" content=\"article\" \/>\n<meta property=\"og:title\" content=\"hezibide - consultor\u00eda de igualdad y coeducaci\u00f3n\" \/>\n<meta property=\"og:description\" content=\"hezibide, consultor\u00eda de igualdad y coeducaci\u00f3n. Ofrecemos un acercamiento y profundizaci\u00f3n en la igualdad, tanto a nivel colectivo como individual.\" \/>\n<meta property=\"og:url\" content=\"http:\/\/hezi2de.com\/es\/\" \/>\n<meta property=\"og:site_name\" content=\"hezi2de\" \/>\n<meta property=\"article:modified_time\" content=\"2021-12-03T12:47:42+00:00\" \/>\n<meta name=\"twitter:card\" content=\"summary_large_image\" \/>\n<script type=\"application\/ld+json\" class=\"yoast-schema-graph\">{\"@context\":\"https:\/\/schema.org\",\"@graph\":[{\"@type\":\"WebPage\",\"@id\":\"http:\/\/hezi2de.com\/es\/\",\"url\":\"http:\/\/hezi2de.com\/es\/\",\"name\":\"hezibide - consultor\u00eda de igualdad y coeducaci\u00f3n\",\"isPartOf\":{\"@id\":\"http:\/\/hezi2de.com\/#website\"},\"datePublished\":\"2021-11-30T15:05:13+00:00\",\"dateModified\":\"2021-12-03T12:47:42+00:00\",\"description\":\"hezibide, consultor\u00eda de igualdad y coeducaci\u00f3n. Ofrecemos un acercamiento y profundizaci\u00f3n en la igualdad, tanto a nivel colectivo como individual.\",\"breadcrumb\":{\"@id\":\"http:\/\/hezi2de.com\/es\/#breadcrumb\"},\"inLanguage\":\"es\",\"potentialAction\":[{\"@type\":\"ReadAction\",\"target\":[\"http:\/\/hezi2de.com\/es\/\"]}]},{\"@type\":\"BreadcrumbList\",\"@id\":\"http:\/\/hezi2de.com\/es\/#breadcrumb\",\"itemListElement\":[{\"@type\":\"ListItem\",\"position\":1,\"name\":\"Home\",\"item\":\"http:\/\/hezi2de.com\/es\/\"},{\"@type\":\"ListItem\",\"position\":2,\"name\":\"hezibide\"}]},{\"@type\":\"WebSite\",\"@id\":\"http:\/\/hezi2de.com\/#website\",\"url\":\"http:\/\/hezi2de.com\/\",\"name\":\"hezi2de\",\"description\":\"Berdintasun eta hezkidetza aholkularitza\",\"potentialAction\":[{\"@type\":\"SearchAction\",\"target\":{\"@type\":\"EntryPoint\",\"urlTemplate\":\"http:\/\/hezi2de.com\/?s={search_term_string}\"},\"query-input\":\"required name=search_term_string\"}],\"inLanguage\":\"es\"}]}<\/script>\n<!-- \/ Yoast SEO plugin. -->","yoast_head_json":{"title":"hezibide - consultor\u00eda de igualdad y coeducaci\u00f3n","description":"hezibide, consultor\u00eda de igualdad y coeducaci\u00f3n. Ofrecemos un acercamiento y profundizaci\u00f3n en la igualdad, tanto a nivel colectivo como individual.","robots":{"index":"index","follow":"follow","max-snippet":"max-snippet:-1","max-image-preview":"max-image-preview:large","max-video-preview":"max-video-preview:-1"},"canonical":"http:\/\/hezi2de.com\/es\/","og_locale":"es_ES","og_type":"article","og_title":"hezibide - consultor\u00eda de igualdad y coeducaci\u00f3n","og_description":"hezibide, consultor\u00eda de igualdad y coeducaci\u00f3n. Ofrecemos un acercamiento y profundizaci\u00f3n en la igualdad, tanto a nivel colectivo como individual.","og_url":"http:\/\/hezi2de.com\/es\/","og_site_name":"hezi2de","article_modified_time":"2021-12-03T12:47:42+00:00","twitter_card":"summary_large_image","schema":{"@context":"https:\/\/schema.org","@graph":[{"@type":"WebPage","@id":"http:\/\/hezi2de.com\/es\/","url":"http:\/\/hezi2de.com\/es\/","name":"hezibide - consultor\u00eda de igualdad y coeducaci\u00f3n","isPartOf":{"@id":"http:\/\/hezi2de.com\/#website"},"datePublished":"2021-11-30T15:05:13+00:00","dateModified":"2021-12-03T12:47:42+00:00","description":"hezibide, consultor\u00eda de igualdad y coeducaci\u00f3n. Ofrecemos un acercamiento y profundizaci\u00f3n en la igualdad, tanto a nivel colectivo como individual.","breadcrumb":{"@id":"http:\/\/hezi2de.com\/es\/#breadcrumb"},"inLanguage":"es","potentialAction":[{"@type":"ReadAction","target":["http:\/\/hezi2de.com\/es\/"]}]},{"@type":"BreadcrumbList","@id":"http:\/\/hezi2de.com\/es\/#breadcrumb","itemListElement":[{"@type":"ListItem","position":1,"name":"Home","item":"http:\/\/hezi2de.com\/es\/"},{"@type":"ListItem","position":2,"name":"hezibide"}]},{"@type":"WebSite","@id":"http:\/\/hezi2de.com\/#website","url":"http:\/\/hezi2de.com\/","name":"hezi2de","description":"Berdintasun eta hezkidetza aholkularitza","potentialAction":[{"@type":"SearchAction","target":{"@type":"EntryPoint","urlTemplate":"http:\/\/hezi2de.com\/?s={search_term_string}"},"query-input":"required name=search_term_string"}],"inLanguage":"es"}]}},"_links":{"self":[{"href":"http:\/\/hezi2de.com\/es\/wp-json\/wp\/v2\/pages\/588"}],"collection":[{"href":"http:\/\/hezi2de.com\/es\/wp-json\/wp\/v2\/pages"}],"about":[{"href":"http:\/\/hezi2de.com\/es\/wp-json\/wp\/v2\/types\/page"}],"author":[{"embeddable":true,"href":"http:\/\/hezi2de.com\/es\/wp-json\/wp\/v2\/users\/2"}],"replies":[{"embeddable":true,"href":"http:\/\/hezi2de.com\/es\/wp-json\/wp\/v2\/comments?post=588"}],"version-history":[{"count":5,"href":"http:\/\/hezi2de.com\/es\/wp-json\/wp\/v2\/pages\/588\/revisions"}],"predecessor-version":[{"id":711,"href":"http:\/\/hezi2de.com\/es\/wp-json\/wp\/v2\/pages\/588\/revisions\/711"}],"wp:attachment":[{"href":"http:\/\/hezi2de.com\/es\/wp-json\/wp\/v2\/media?parent=588"}],"curies":[{"name":"wp","href":"https:\/\/api.w.org\/{rel}","templated":true}]}}